{"id":2,"date":"2026-01-08T14:45:25","date_gmt":"2026-01-08T19:45:25","guid":{"rendered":"https:\/\/cymestudio.com\/v04\/?page_id=2"},"modified":"2026-03-18T10:07:27","modified_gmt":"2026-03-18T15:07:27","slug":"inicio","status":"publish","type":"page","link":"https:\/\/cymestudio.com\/v04\/","title":{"rendered":"Inicio"},"content":{"rendered":"<div class=\"wpb-content-wrapper\"><p>[vc_row][vc_column][vc_column_text css=\u00bb\u00bb]<\/p>\n<h3 style=\"text-align: center;\">Somos un estudio de dise\u00f1o con m\u00e1s de 15 a\u00f1os de trayectoria y grandes clientes que nos siguen hasta hoy. A continuaci\u00f3n algunos de nuestros principales proyectos.<\/h3>\n<h1 style=\"text-align: center;\">Bienvenidos\/as!<\/h1>\n<p>[\/vc_column_text][\/vc_column][\/vc_row][vc_row full_width=\u00bbstretch_row_content_no_spaces\u00bb css=\u00bb.vc_custom_1769096240792{margin-bottom: 0px !important;}\u00bb][vc_column offset=\u00bbvc_hidden-xs\u00bb][vc_masonry_grid post_type=\u00bbportfolio\u00bb max_items=\u00bb-1&#8243; style=\u00bblazy\u00bb show_filter=\u00bbyes\u00bb gap=\u00bb0&#8243; orderby=\u00bbmenu_order\u00bb order=\u00bbASC\u00bb filter_default_title=\u00bbTodos los proyectos\u00bb filter_color=\u00bbwhite\u00bb filter_size=\u00bblg\u00bb item=\u00bb1389&#8243; css=\u00bb.vc_custom_1770325921212{margin-bottom: 0px !important;}\u00bb grid_id=\u00bbvc_gid:1773846416546-6424a1e7-5598-7&#8243; el_class=\u00bbportfolio-01&#8243; filter_source=\u00bbportfolio_category\u00bb][\/vc_column][\/vc_row][vc_row full_width=\u00bbstretch_row_content_no_spaces\u00bb css=\u00bb.vc_custom_1769096246285{margin-bottom: 0px !important;}\u00bb][vc_column offset=\u00bbvc_hidden-lg vc_hidden-md vc_hidden-sm\u00bb][vc_masonry_grid post_type=\u00bbportfolio\u00bb max_items=\u00bb-1&#8243; style=\u00bblazy\u00bb show_filter=\u00bbyes\u00bb gap=\u00bb0&#8243; orderby=\u00bbmenu_order\u00bb order=\u00bbASC\u00bb filter_default_title=\u00bbTodos los proyectos\u00bb item=\u00bb1652&#8243; css=\u00bb.vc_custom_1770324859287{margin-bottom: 0px !important;}\u00bb grid_id=\u00bbvc_gid:1773846416548-f12d92dc-8acc-1&#8243; el_class=\u00bbportfolio-01&#8243; filter_source=\u00bbportfolio_category\u00bb][\/vc_column][\/vc_row][vc_row full_width=\u00bbstretch_row\u00bb css=\u00bb.vc_custom_1769096927539{margin-top: 0px !important;padding-top: 30px !important;padding-bottom: 30px !important;background-color: #00AEEF !important;}\u00bb][vc_column][vc_column_text css=\u00bb\u00bb]<\/p>\n<h1 style=\"text-align: center;\"><span style=\"color: #f2f2f2;\">Estamos trabajando en nuestro sitio web 2026.<\/span><\/h1>\n<h3 style=\"text-align: center;\"><span style=\"color: #f2f2f2;\">Mientras tanto, puedes acceder a una presentaci\u00f3n de nuestro estudio o contactarnos y con gusto te atenderemos.<\/span><\/h3>\n<p>[\/vc_column_text][vc_btn title=\u00bb+ Ver PDF\u00bb style=\u00bboutline\u00bb shape=\u00bbround\u00bb color=\u00bbwhite\u00bb size=\u00bblg\u00bb align=\u00bbcenter\u00bb css=\u00bb\u00bb link=\u00bburl:https%3A%2F%2Fcymestudio.com%2Fv04%2Fwp-content%2Fuploads%2F2026%2F01%2FCYM-presentacion-CV-PORTAFOLIO-JUL2025_compressed.pdf|target:_blank\u00bb][vc_btn title=\u00bbCont\u00e1ctanos!\u00bb style=\u00bboutline\u00bb shape=\u00bbround\u00bb color=\u00bbwhite\u00bb size=\u00bblg\u00bb align=\u00bbcenter\u00bb i_icon_fontawesome=\u00bbfa fa-brands fa-whatsapp\u00bb css=\u00bb\u00bb add_icon=\u00bbtrue\u00bb link=\u00bburl:https%3A%2F%2Fwa.me%2F51965328505%3Ftext%3DHola!|target:_blank\u00bb][vc_btn title=\u00bbEscr\u00edbenos!\u00bb style=\u00bboutline\u00bb shape=\u00bbround\u00bb color=\u00bbwhite\u00bb size=\u00bblg\u00bb align=\u00bbcenter\u00bb i_icon_fontawesome=\u00bbfa fa-regular fa-envelope\u00bb css=\u00bb\u00bb add_icon=\u00bbtrue\u00bb link=\u00bburl:mailto%3Amariellamujica%40gmail.com|target:_blank\u00bb][\/vc_column][\/vc_row][vc_row full_width=\u00bbstretch_row\u00bb gap=\u00bb35&#8243; css=\u00bb.vc_custom_1769101282756{margin-top: 0px !important;padding-top: 30px !important;padding-bottom: 30px !important;background-color: #363E4D !important;}\u00bb][vc_column width=\u00bb1\/2&#8243;][vc_column_text css=\u00bb\u00bb]<\/p>\n<h1 style=\"text-align: right;\"><span style=\"color: #f2f2f2;\">Nuestras especialidades<\/span><\/h1>\n<p>[\/vc_column_text][vc_separator color=\u00bbwhite\u00bb align=\u00bbalign_right\u00bb border_width=\u00bb2&#8243; el_width=\u00bb30&#8243; css=\u00bb\u00bb][vc_column_text css=\u00bb\u00bb]<\/p>\n<h3 class=\"p1\" style=\"text-align: right;\"><span style=\"color: #f2f2f2;\">\u2013 Dise\u00f1o editorial en todo su espectro<\/span><\/h3>\n<h3 class=\"p1\" style=\"text-align: right;\"><span style=\"color: #f2f2f2;\">\u2013 Branding con esp\u00edritu<\/span><\/h3>\n<h3 class=\"p1\" style=\"text-align: right;\"><span style=\"color: #f2f2f2;\">\u2013<\/span><span style=\"color: #f2f2f2;\"> Manejo de marcas<\/span><\/h3>\n<h3 class=\"p1\" style=\"text-align: right;\"><span style=\"color: #f2f2f2;\">\u2013 Dise\u00f1o de contenido e infogr\u00e1fico<\/span><\/h3>\n<h3 class=\"p1\" style=\"text-align: right;\"><span style=\"color: #f2f2f2;\">\u2013 Dise\u00f1o web y UI\/UX<\/span><\/h3>\n<p>[\/vc_column_text][\/vc_column][vc_column width=\u00bb1\/2&#8243;][vc_column_text css=\u00bb\u00bb]<\/p>\n<h1 style=\"text-align: left;\"><span style=\"color: #f2f2f2;\">Nuestros valores<\/span><\/h1>\n<p>[\/vc_column_text][vc_separator color=\u00bbwhite\u00bb align=\u00bbalign_left\u00bb border_width=\u00bb2&#8243; el_width=\u00bb30&#8243; css=\u00bb\u00bb][vc_column_text css=\u00bb\u00bb]<\/p>\n<h3 class=\"p1\"><span style=\"color: #f2f2f2;\">\u2013 Pasi\u00f3n por el oficio<\/span><\/h3>\n<h3 class=\"p1\"><span style=\"color: #f2f2f2;\">\u2013 Eficiencia y cumplimiento<\/span><\/h3>\n<h3 class=\"p1\"><span style=\"color: #f2f2f2;\">\u2013 Dedicaci\u00f3n al 100% y cuidado por el detalle<\/span><\/h3>\n<h3 class=\"p1\"><span style=\"color: #f2f2f2;\">\u2013 Rigor t\u00e9cnico y prolijidad<\/span><\/h3>\n<h3 class=\"p1\"><span style=\"color: #f2f2f2;\">\u2013 25 a\u00f1os de experiencia<\/span><\/h3>\n<p>[\/vc_column_text][\/vc_column][\/vc_row]<\/p>\n<\/div>","protected":false},"excerpt":{"rendered":"<p>[vc_row][vc_column][vc_column_text css=\u00bb\u00bb] Somos un estudio de dise\u00f1o con m\u00e1s de 15 a\u00f1os de trayectoria y grandes clientes que nos siguen hasta hoy. A continuaci\u00f3n algunos de nuestros principales proyectos. Bienvenidos\/as! [\/vc_column_text][\/vc_column][\/vc_row][vc_row full_width=\u00bbstretch_row_content_no_spaces\u00bb css=\u00bb.vc_custom_1769096240792{margin-bottom: 0px !important;}\u00bb][vc_column offset=\u00bbvc_hidden-xs\u00bb][vc_masonry_grid post_type=\u00bbportfolio\u00bb max_items=\u00bb-1&#8243; style=\u00bblazy\u00bb show_filter=\u00bbyes\u00bb gap=\u00bb0&#8243; orderby=\u00bbmenu_order\u00bb order=\u00bbASC\u00bb filter_default_title=\u00bbTodos los proyectos\u00bb filter_color=\u00bbwhite\u00bb filter_size=\u00bblg\u00bb item=\u00bb1389&#8243; css=\u00bb.vc_custom_1770325921212{margin-bottom: 0px !important;}\u00bb grid_id=\u00bbvc_gid:1773846416546-6424a1e7-5598-7&#8243; el_class=\u00bbportfolio-01&#8243; filter_source=\u00bbportfolio_category\u00bb][\/vc_column][\/vc_row][vc_row&hellip;<\/p>\n","protected":false},"author":1,"featured_media":0,"parent":0,"menu_order":0,"comment_status":"closed","ping_status":"open","template":"","meta":{"_acf_changed":false,"footnotes":""},"class_list":["post-2","page","type-page","status-publish","hentry"],"acf":[],"yoast_head":"<!-- This site is optimized with the Yoast SEO plugin v27.2 - https:\/\/yoast.com\/product\/yoast-seo-wordpress\/ -->\n<title>Inicio - Cymestudio<\/title>\n<meta name=\"robots\" content=\"index, follow, max-snippet:-1, max-image-preview:large, max-video-preview:-1\" \/>\n<link rel=\"canonical\" href=\"https:\/\/cymestudio.com\/v04\/\" \/>\n<meta property=\"og:locale\" content=\"es_ES\" \/>\n<meta property=\"og:type\" content=\"article\" \/>\n<meta property=\"og:title\" content=\"Inicio - Cymestudio\" \/>\n<meta property=\"og:description\" content=\"[vc_row][vc_column][vc_column_text css=\u00bb\u00bb] Somos un estudio de dise\u00f1o con m\u00e1s de 15 a\u00f1os de trayectoria y grandes clientes que nos siguen hasta hoy. A continuaci\u00f3n algunos de nuestros principales proyectos. Bienvenidos\/as! [\/vc_column_text][\/vc_column][\/vc_row][vc_row full_width=\u00bbstretch_row_content_no_spaces\u00bb css=\u00bb.vc_custom_1769096240792{margin-bottom: 0px !important;}\u00bb][vc_column offset=\u00bbvc_hidden-xs\u00bb][vc_masonry_grid post_type=\u00bbportfolio\u00bb max_items=\u00bb-1&#8243; style=\u00bblazy\u00bb show_filter=\u00bbyes\u00bb gap=\u00bb0&#8243; orderby=\u00bbmenu_order\u00bb order=\u00bbASC\u00bb filter_default_title=\u00bbTodos los proyectos\u00bb filter_color=\u00bbwhite\u00bb filter_size=\u00bblg\u00bb item=\u00bb1389&#8243; css=\u00bb.vc_custom_1770325921212{margin-bottom: 0px !important;}\u00bb grid_id=\u00bbvc_gid:1773846416546-6424a1e7-5598-7&#8243; el_class=\u00bbportfolio-01&#8243; filter_source=\u00bbportfolio_category\u00bb][\/vc_column][\/vc_row][vc_row&hellip;\" \/>\n<meta property=\"og:url\" content=\"https:\/\/cymestudio.com\/v04\/\" \/>\n<meta property=\"og:site_name\" content=\"Cymestudio\" \/>\n<meta property=\"article:modified_time\" content=\"2026-03-18T15:07:27+00:00\" \/>\n<meta name=\"twitter:card\" content=\"summary_large_image\" \/>\n<meta name=\"twitter:label1\" content=\"Est. reading time\" \/>\n\t<meta name=\"twitter:data1\" content=\"3 minutos\" \/>\n<script type=\"application\/ld+json\" class=\"yoast-schema-graph\">{\"@context\":\"https:\/\/schema.org\",\"@graph\":[{\"@type\":\"WebPage\",\"@id\":\"https:\/\/cymestudio.com\/v04\/\",\"url\":\"https:\/\/cymestudio.com\/v04\/\",\"name\":\"Inicio - Cymestudio\",\"isPartOf\":{\"@id\":\"https:\/\/cymestudio.com\/v04\/#website\"},\"datePublished\":\"2026-01-08T19:45:25+00:00\",\"dateModified\":\"2026-03-18T15:07:27+00:00\",\"breadcrumb\":{\"@id\":\"https:\/\/cymestudio.com\/v04\/#breadcrumb\"},\"inLanguage\":\"es-PE\",\"potentialAction\":[{\"@type\":\"ReadAction\",\"target\":[\"https:\/\/cymestudio.com\/v04\/\"]}]},{\"@type\":\"BreadcrumbList\",\"@id\":\"https:\/\/cymestudio.com\/v04\/#breadcrumb\",\"itemListElement\":[{\"@type\":\"ListItem\",\"position\":1,\"name\":\"Portada\",\"item\":\"https:\/\/cymestudio.com\/v04\/\"},{\"@type\":\"ListItem\",\"position\":2,\"name\":\"Inicio\"}]},{\"@type\":\"WebSite\",\"@id\":\"https:\/\/cymestudio.com\/v04\/#website\",\"url\":\"https:\/\/cymestudio.com\/v04\/\",\"name\":\"Cymestudio\",\"description\":\"\",\"publisher\":{\"@id\":\"https:\/\/cymestudio.com\/v04\/#organization\"},\"potentialAction\":[{\"@type\":\"SearchAction\",\"target\":{\"@type\":\"EntryPoint\",\"urlTemplate\":\"https:\/\/cymestudio.com\/v04\/?s={search_term_string}\"},\"query-input\":{\"@type\":\"PropertyValueSpecification\",\"valueRequired\":true,\"valueName\":\"search_term_string\"}}],\"inLanguage\":\"es-PE\"},{\"@type\":\"Organization\",\"@id\":\"https:\/\/cymestudio.com\/v04\/#organization\",\"name\":\"Cymestudio\",\"url\":\"https:\/\/cymestudio.com\/v04\/\",\"logo\":{\"@type\":\"ImageObject\",\"inLanguage\":\"es-PE\",\"@id\":\"https:\/\/cymestudio.com\/v04\/#\/schema\/logo\/image\/\",\"url\":\"https:\/\/cymestudio.com\/v04\/wp-content\/uploads\/2026\/02\/CYM-logotipo-2026-01-positivo-esp.svg\",\"contentUrl\":\"https:\/\/cymestudio.com\/v04\/wp-content\/uploads\/2026\/02\/CYM-logotipo-2026-01-positivo-esp.svg\",\"width\":395,\"height\":135,\"caption\":\"Cymestudio\"},\"image\":{\"@id\":\"https:\/\/cymestudio.com\/v04\/#\/schema\/logo\/image\/\"},\"sameAs\":[\"https:\/\/www.behance.net\/cymestudio\"]}]}<\/script>\n<!-- \/ Yoast SEO plugin. -->","yoast_head_json":{"title":"Inicio - Cymestudio","robots":{"index":"index","follow":"follow","max-snippet":"max-snippet:-1","max-image-preview":"max-image-preview:large","max-video-preview":"max-video-preview:-1"},"canonical":"https:\/\/cymestudio.com\/v04\/","og_locale":"es_ES","og_type":"article","og_title":"Inicio - Cymestudio","og_description":"[vc_row][vc_column][vc_column_text css=\u00bb\u00bb] Somos un estudio de dise\u00f1o con m\u00e1s de 15 a\u00f1os de trayectoria y grandes clientes que nos siguen hasta hoy. A continuaci\u00f3n algunos de nuestros principales proyectos. Bienvenidos\/as! [\/vc_column_text][\/vc_column][\/vc_row][vc_row full_width=\u00bbstretch_row_content_no_spaces\u00bb css=\u00bb.vc_custom_1769096240792{margin-bottom: 0px !important;}\u00bb][vc_column offset=\u00bbvc_hidden-xs\u00bb][vc_masonry_grid post_type=\u00bbportfolio\u00bb max_items=\u00bb-1&#8243; style=\u00bblazy\u00bb show_filter=\u00bbyes\u00bb gap=\u00bb0&#8243; orderby=\u00bbmenu_order\u00bb order=\u00bbASC\u00bb filter_default_title=\u00bbTodos los proyectos\u00bb filter_color=\u00bbwhite\u00bb filter_size=\u00bblg\u00bb item=\u00bb1389&#8243; css=\u00bb.vc_custom_1770325921212{margin-bottom: 0px !important;}\u00bb grid_id=\u00bbvc_gid:1773846416546-6424a1e7-5598-7&#8243; el_class=\u00bbportfolio-01&#8243; filter_source=\u00bbportfolio_category\u00bb][\/vc_column][\/vc_row][vc_row&hellip;","og_url":"https:\/\/cymestudio.com\/v04\/","og_site_name":"Cymestudio","article_modified_time":"2026-03-18T15:07:27+00:00","twitter_card":"summary_large_image","twitter_misc":{"Est. reading time":"3 minutos"},"schema":{"@context":"https:\/\/schema.org","@graph":[{"@type":"WebPage","@id":"https:\/\/cymestudio.com\/v04\/","url":"https:\/\/cymestudio.com\/v04\/","name":"Inicio - Cymestudio","isPartOf":{"@id":"https:\/\/cymestudio.com\/v04\/#website"},"datePublished":"2026-01-08T19:45:25+00:00","dateModified":"2026-03-18T15:07:27+00:00","breadcrumb":{"@id":"https:\/\/cymestudio.com\/v04\/#breadcrumb"},"inLanguage":"es-PE","potentialAction":[{"@type":"ReadAction","target":["https:\/\/cymestudio.com\/v04\/"]}]},{"@type":"BreadcrumbList","@id":"https:\/\/cymestudio.com\/v04\/#breadcrumb","itemListElement":[{"@type":"ListItem","position":1,"name":"Portada","item":"https:\/\/cymestudio.com\/v04\/"},{"@type":"ListItem","position":2,"name":"Inicio"}]},{"@type":"WebSite","@id":"https:\/\/cymestudio.com\/v04\/#website","url":"https:\/\/cymestudio.com\/v04\/","name":"Cymestudio","description":"","publisher":{"@id":"https:\/\/cymestudio.com\/v04\/#organization"},"potentialAction":[{"@type":"SearchAction","target":{"@type":"EntryPoint","urlTemplate":"https:\/\/cymestudio.com\/v04\/?s={search_term_string}"},"query-input":{"@type":"PropertyValueSpecification","valueRequired":true,"valueName":"search_term_string"}}],"inLanguage":"es-PE"},{"@type":"Organization","@id":"https:\/\/cymestudio.com\/v04\/#organization","name":"Cymestudio","url":"https:\/\/cymestudio.com\/v04\/","logo":{"@type":"ImageObject","inLanguage":"es-PE","@id":"https:\/\/cymestudio.com\/v04\/#\/schema\/logo\/image\/","url":"https:\/\/cymestudio.com\/v04\/wp-content\/uploads\/2026\/02\/CYM-logotipo-2026-01-positivo-esp.svg","contentUrl":"https:\/\/cymestudio.com\/v04\/wp-content\/uploads\/2026\/02\/CYM-logotipo-2026-01-positivo-esp.svg","width":395,"height":135,"caption":"Cymestudio"},"image":{"@id":"https:\/\/cymestudio.com\/v04\/#\/schema\/logo\/image\/"},"sameAs":["https:\/\/www.behance.net\/cymestudio"]}]}},"_links":{"self":[{"href":"https:\/\/cymestudio.com\/v04\/wp-json\/wp\/v2\/pages\/2","targetHints":{"allow":["GET"]}}],"collection":[{"href":"https:\/\/cymestudio.com\/v04\/wp-json\/wp\/v2\/pages"}],"about":[{"href":"https:\/\/cymestudio.com\/v04\/wp-json\/wp\/v2\/types\/page"}],"author":[{"embeddable":true,"href":"https:\/\/cymestudio.com\/v04\/wp-json\/wp\/v2\/users\/1"}],"replies":[{"embeddable":true,"href":"https:\/\/cymestudio.com\/v04\/wp-json\/wp\/v2\/comments?post=2"}],"version-history":[{"count":68,"href":"https:\/\/cymestudio.com\/v04\/wp-json\/wp\/v2\/pages\/2\/revisions"}],"predecessor-version":[{"id":2001,"href":"https:\/\/cymestudio.com\/v04\/wp-json\/wp\/v2\/pages\/2\/revisions\/2001"}],"wp:attachment":[{"href":"https:\/\/cymestudio.com\/v04\/wp-json\/wp\/v2\/media?parent=2"}],"curies":[{"name":"wp","href":"https:\/\/api.w.org\/{rel}","templated":true}]}}